{"id":22,"date":"2019-03-27T17:56:52","date_gmt":"2019-03-27T17:56:52","guid":{"rendered":"https:\/\/www.eberswalderturnerschaft.de\/home\/?page_id=22"},"modified":"2023-02-08T11:34:52","modified_gmt":"2023-02-08T11:34:52","slug":"trainingtermine","status":"publish","type":"page","link":"https:\/\/www.eberswalderturnerschaft.de\/home\/info\/trainingtermine\/","title":{"rendered":"Trainingszeiten"},"content":{"rendered":"\n<hr class=\"wp-block-separator has-css-opacity\"\/>\n\n\n\n<p>Hier findest du die aktuellen Trainingszeiten f\u00fcr Kinder, Jugendliche und Erwachsene. Wir bieten sowohl Wettkampf- als auch Freizeitgruppen an, damit jeder das passende Angebot finden kann. Die genauen Zeiten k\u00f6nnen Sie der unten stehenden Tabelle entnehmen.<\/p>\n\n\n\n<p>F\u00fcr unsere Freizeitgruppen bieten wir eine Trainingszeit pro Woche an. Hier geht es in erster Linie um den Spa\u00df an der Bewegung und das gemeinsame Erlebnis im Turnen. F\u00fcr die Wettkampfgruppe bieten wir eine zus\u00e4tzliche Trainingszeit an, um auf Wettk\u00e4mpfe optimal vorbereitet zu sein. Alle Mitglieder in diesen Gruppen k\u00f6nnen unter Anleitung ausgebildeter Trainer, \u00dcbungsleiter und \u00dcbungsleiterassistenten die Ger\u00e4tturn-\u00dcbungen aus\u00fcben.<\/p>\n\n\n\n<p>Auch die Jugend- und Erwachsenengruppe au\u00dferhalb des geregelten Wettkampfbetriebs trainiert zweimal w\u00f6chentlich. Anders als in den vorherigen Gruppen ist hier kein dedizierter Trainer vor Ort.<\/p>\n\n\n\n<p>Besuche unsere Trainer-Seite, um mehr \u00fcber unsere engagierten Trainer und \u00dcbungsleiter zu erfahren und sieh selbst, wer hinter dem erfolgreichen Training in unserer Turnabteilung steht.<\/p>\n\n\n\n<div style=\"height:25px\" aria-hidden=\"true\" class=\"wp-block-spacer\"><\/div>\n\n\n\n<h2 class=\"wp-block-heading\">Der aktuelle Trainingsplan:<br><\/h2>\n\n\n\n<h2 class=\"wp-block-heading\"><a href=\"https:\/\/www.eberswalderturnerschaft.de\/home\/wp-content\/uploads\/2021\/11\/Trainingszeiten.png\"><img loading=\"lazy\" decoding=\"async\" width=\"2053\" height=\"916\" class=\"alignnone size-full wp-image-740\" src=\"https:\/\/www.eberswalderturnerschaft.de\/home\/wp-content\/uploads\/2021\/11\/Trainingszeiten.png\" alt=\"\" srcset=\"https:\/\/www.eberswalderturnerschaft.de\/home\/wp-content\/uploads\/2021\/11\/Trainingszeiten.png 2053w, https:\/\/www.eberswalderturnerschaft.de\/home\/wp-content\/uploads\/2021\/11\/Trainingszeiten-600x268.png 600w, https:\/\/www.eberswalderturnerschaft.de\/home\/wp-content\/uploads\/2021\/11\/Trainingszeiten-300x134.png 300w, https:\/\/www.eberswalderturnerschaft.de\/home\/wp-content\/uploads\/2021\/11\/Trainingszeiten-1024x457.png 1024w, https:\/\/www.eberswalderturnerschaft.de\/home\/wp-content\/uploads\/2021\/11\/Trainingszeiten-768x343.png 768w, https:\/\/www.eberswalderturnerschaft.de\/home\/wp-content\/uploads\/2021\/11\/Trainingszeiten-1536x685.png 1536w, https:\/\/www.eberswalderturnerschaft.de\/home\/wp-content\/uploads\/2021\/11\/Trainingszeiten-2048x914.png 2048w\" sizes=\"auto, (max-width: 2053px) 100vw, 2053px\" \/><\/a><\/h2>\n\n\n\n<hr class=\"wp-block-separator has-css-opacity\"\/>\n","protected":false},"excerpt":{"rendered":"<p>Hier findest du die aktuellen Trainingszeiten f\u00fcr Kinder, Jugendliche und Erwachsene. Wir bieten sowohl Wettkampf- als auch Freizeitgruppen an, damit jeder das passende Angebot finden kann. Die genauen Zeiten k\u00f6nnen Sie der unten stehenden Tabelle entnehmen. F\u00fcr unsere Freizeitgruppen bieten wir eine Trainingszeit pro Woche an. Hier geht es in erster Linie um den Spa\u00df &#8230; <a title=\"Trainingszeiten\" class=\"read-more\" href=\"https:\/\/www.eberswalderturnerschaft.de\/home\/info\/trainingtermine\/\" aria-label=\"Mehr bei Trainingszeiten\">Read more<\/a><\/p>\n","protected":false},"author":1,"featured_media":0,"parent":13,"menu_order":0,"comment_status":"closed","ping_status":"closed","template":"","meta":{"_coblocks_attr":"","_coblocks_dimensions":"","_coblocks_responsive_height":"","_coblocks_accordion_ie_support":"","footnotes":""},"class_list":{"0":"post-22","1":"page","2":"type-page","3":"status-publish","5":"no-featured-image-padding"},"_links":{"self":[{"href":"https:\/\/www.eberswalderturnerschaft.de\/home\/wp-json\/wp\/v2\/pages\/22","targetHints":{"allow":["GET"]}}],"collection":[{"href":"https:\/\/www.eberswalderturnerschaft.de\/home\/wp-json\/wp\/v2\/pages"}],"about":[{"href":"https:\/\/www.eberswalderturnerschaft.de\/home\/wp-json\/wp\/v2\/types\/page"}],"author":[{"embeddable":true,"href":"https:\/\/www.eberswalderturnerschaft.de\/home\/wp-json\/wp\/v2\/users\/1"}],"replies":[{"embeddable":true,"href":"https:\/\/www.eberswalderturnerschaft.de\/home\/wp-json\/wp\/v2\/comments?post=22"}],"version-history":[{"count":14,"href":"https:\/\/www.eberswalderturnerschaft.de\/home\/wp-json\/wp\/v2\/pages\/22\/revisions"}],"predecessor-version":[{"id":957,"href":"https:\/\/www.eberswalderturnerschaft.de\/home\/wp-json\/wp\/v2\/pages\/22\/revisions\/957"}],"up":[{"embeddable":true,"href":"https:\/\/www.eberswalderturnerschaft.de\/home\/wp-json\/wp\/v2\/pages\/13"}],"wp:attachment":[{"href":"https:\/\/www.eberswalderturnerschaft.de\/home\/wp-json\/wp\/v2\/media?parent=22"}],"curies":[{"name":"wp","href":"https:\/\/api.w.org\/{rel}","templated":true}]}}